{"id":4816,"date":"2022-02-24T04:31:41","date_gmt":"2022-02-24T04:31:41","guid":{"rendered":"https:\/\/themeim.com\/wp\/panthar\/team-copy-copy\/"},"modified":"2022-12-18T19:04:32","modified_gmt":"2022-12-18T19:04:32","slug":"contact","status":"publish","type":"page","link":"https:\/\/dinastysolutionpr.com\/?page_id=4816","title":{"rendered":"Cont\u00e1ctanos"},"content":{"rendered":"\t\t<div data-elementor-type=\"wp-page\" data-elementor-id=\"4816\" class=\"elementor elementor-4816\">\n\t\t\t\t\t\t<section class=\"elementor-section elementor-top-section elementor-element elementor-element-21f87e7 elementor-section-boxed elementor-section-height-default elementor-section-height-default\" data-id=\"21f87e7\" data-element_type=\"section\" data-e-type=\"section\" data-settings=\"{&quot;background_background&quot;:&quot;classic&quot;}\">\n\t\t\t\t\t\t<div class=\"elementor-container elementor-column-gap-default\">\n\t\t\t\t\t<div class=\"elementor-column elementor-col-33 elementor-top-column elementor-element elementor-element-10963ff\" data-id=\"10963ff\" data-element_type=\"column\" data-e-type=\"column\">\n\t\t\t<div class=\"elementor-widget-wrap elementor-element-populated\">\n\t\t\t\t\t\t<div class=\"elementor-element elementor-element-3da88a2 top-image-bounce elementor-widget__width-auto elementor-absolute elementor-view-default elementor-widget elementor-widget-icon\" data-id=\"3da88a2\" data-element_type=\"widget\" data-e-type=\"widget\" data-settings=\"{&quot;_position&quot;:&quot;absolute&quot;}\" data-widget_type=\"icon.default\">\n\t\t\t\t<div class=\"elementor-widget-container\">\n\t\t\t\t\t\t\t<div class=\"elementor-icon-wrapper\">\n\t\t\t<div class=\"elementor-icon\">\n\t\t\t<svg xmlns=\"http:\/\/www.w3.org\/2000\/svg\" width=\"43.888\" height=\"43.888\" viewBox=\"0 0 43.888 43.888\"><g data-name=\"Group 4112\" transform=\"translate(12737.236 -182.425)\" opacity=\"0.6\"><circle data-name=\"Ellipse 242\" cx=\"2.481\" cy=\"2.481\" r=\"2.481\" transform=\"translate(-12717.772 202.054)\" fill=\"#ba1111\"><\/circle><path data-name=\"Path 10606\" d=\"M3420.1,1564.089a7.7,7.7,0,1,1,7.7-7.7A7.705,7.705,0,0,1,3420.1,1564.089Zm0-15.108a7.412,7.412,0,1,0,7.412,7.411A7.42,7.42,0,0,0,3420.1,1548.981Z\" transform=\"translate(-16135.391 -1351.857)\" fill=\"#ba1111\"><\/path><path data-name=\"Path 10607\" d=\"M3433.511,1575.29A5.485,5.485,0,1,1,3439,1569.8,5.492,5.492,0,0,1,3433.511,1575.29Zm0-10.686a5.2,5.2,0,1,0,5.2,5.2A5.207,5.207,0,0,0,3433.511,1564.6Z\" transform=\"translate(-16148.803 -1365.269)\" fill=\"#ba1111\"><\/path><g data-name=\"Group 4049\" transform=\"translate(-12728.114 191.994)\"><g data-name=\"Group 4047\"><rect data-name=\"Rectangle 719\" width=\"0.285\" height=\"4.198\" transform=\"translate(4.167)\" fill=\"#484848\"><\/rect><rect data-name=\"Rectangle 720\" width=\"4.31\" height=\"0.285\" transform=\"translate(0 4.055)\" fill=\"#484848\"><\/rect><rect data-name=\"Rectangle 721\" width=\"4.31\" height=\"0.285\" transform=\"translate(21.283 4.055)\" fill=\"#484848\"><\/rect><rect data-name=\"Rectangle 722\" width=\"0.285\" height=\"4.198\" transform=\"translate(21.141)\" fill=\"#484848\"><\/rect><\/g><g data-name=\"Group 4048\" transform=\"translate(0 20.841)\"><rect data-name=\"Rectangle 723\" width=\"0.285\" height=\"4.198\" transform=\"translate(21.141 0.142)\" fill=\"#484848\"><\/rect><rect data-name=\"Rectangle 724\" width=\"4.31\" height=\"0.285\" transform=\"translate(21.283)\" fill=\"#484848\"><\/rect><rect data-name=\"Rectangle 725\" width=\"4.31\" height=\"0.285\" fill=\"#484848\"><\/rect><rect data-name=\"Rectangle 726\" width=\"0.285\" height=\"4.197\" transform=\"translate(4.167 0.142)\" fill=\"#484848\"><\/rect><\/g><\/g><g data-name=\"Group 4050\" transform=\"translate(-12737.236 203.764)\"><path data-name=\"Path 10608\" d=\"M3548.683,1598.838h-10.752a.605.605,0,0,1,0-1.211h10.752a.605.605,0,0,1,0,1.211Z\" transform=\"translate(-3505.4 -1597.627)\" fill=\"#484848\"><\/path><path data-name=\"Path 10609\" d=\"M3323.189,1598.838h-10.867a.605.605,0,0,1,0-1.211h10.867a.605.605,0,1,1,0,1.211Z\" transform=\"translate(-3311.717 -1597.627)\" fill=\"#484848\"><\/path><\/g><g data-name=\"Group 4051\" transform=\"translate(-12715.897 182.425)\"><path data-name=\"Path 10610\" d=\"M3463.116,1684.4a.605.605,0,0,1-.6-.605v-10.752a.6.6,0,1,1,1.21,0V1683.8A.605.605,0,0,1,3463.116,1684.4Z\" transform=\"translate(-3462.511 -1640.515)\" fill=\"#484848\"><\/path><path data-name=\"Path 10611\" d=\"M3463.116,1458.911a.605.605,0,0,1-.6-.606v-10.867a.6.6,0,1,1,1.21,0v10.867A.605.605,0,0,1,3463.116,1458.911Z\" transform=\"translate(-3462.511 -1446.833)\" fill=\"#484848\"><\/path><\/g><\/g><\/svg>\t\t\t<\/div>\n\t\t<\/div>\n\t\t\t\t\t\t<\/div>\n\t\t\t\t<\/div>\n\t\t\t\t<div class=\"elementor-element elementor-element-5b0a94d elementor-widget elementor-widget-panthar-icon-box-widget\" data-id=\"5b0a94d\" data-element_type=\"widget\" data-e-type=\"widget\" data-widget_type=\"panthar-icon-box-widget.default\">\n\t\t\t\t<div class=\"elementor-widget-container\">\n\t\t\t\t\t            <div class=\"intro-icon-box-3 icon-box-item top\"\n                 style=\"text-align:left\">\n                <div class=\"icon-wrap\">\n                                            <div class=\"icon\">\n                            <i aria-hidden=\"true\" class=\"icomoon icomoon-phone\"><\/i>                        <\/div>\n                                    <\/div>\n                <div class=\"content\">\n                    <a class=\"icon-box-anchor\" ><h3 class=\"title\">Tel\u00e9fono<\/h3><\/a><h2 class=\"count-value \">(939) 208-7013 <i class=\"icomoon-top-right-arrow\"><\/i><\/h2>                <\/div>\n            <\/div>\n        \t\t\t\t<\/div>\n\t\t\t\t<\/div>\n\t\t\t\t\t<\/div>\n\t\t<\/div>\n\t\t\t\t<div class=\"elementor-column elementor-col-33 elementor-top-column elementor-element elementor-element-09ec0e8\" data-id=\"09ec0e8\" data-element_type=\"column\" data-e-type=\"column\">\n\t\t\t<div class=\"elementor-widget-wrap elementor-element-populated\">\n\t\t\t\t\t\t<div class=\"elementor-element elementor-element-c02ab72 elementor-widget elementor-widget-panthar-icon-box-widget\" data-id=\"c02ab72\" data-element_type=\"widget\" data-e-type=\"widget\" data-widget_type=\"panthar-icon-box-widget.default\">\n\t\t\t\t<div class=\"elementor-widget-container\">\n\t\t\t\t\t            <div class=\"intro-icon-box-3 icon-box-item top\"\n                 style=\"text-align:left\">\n                <div class=\"icon-wrap\">\n                                            <div class=\"icon\">\n                            <i aria-hidden=\"true\" class=\"icomoon icomoon-mail-2\"><\/i>                        <\/div>\n                                    <\/div>\n                <div class=\"content\">\n                    <a class=\"icon-box-anchor\" ><h3 class=\"title\">Correo Electr\u00f3nico<\/h3><\/a><h2 class=\"count-value \">imarti@dinastysolutionpr.com <i class=\"icomoon-top-right-arrow\"><\/i><\/h2>                <\/div>\n            <\/div>\n        \t\t\t\t<\/div>\n\t\t\t\t<\/div>\n\t\t\t\t\t<\/div>\n\t\t<\/div>\n\t\t\t\t<div class=\"elementor-column elementor-col-33 elementor-top-column elementor-element elementor-element-7ed1536\" data-id=\"7ed1536\" data-element_type=\"column\" data-e-type=\"column\">\n\t\t\t<div class=\"elementor-widget-wrap elementor-element-populated\">\n\t\t\t\t\t\t<div class=\"elementor-element elementor-element-2b7c912 elementor-widget elementor-widget-panthar-icon-box-widget\" data-id=\"2b7c912\" data-element_type=\"widget\" data-e-type=\"widget\" data-widget_type=\"panthar-icon-box-widget.default\">\n\t\t\t\t<div class=\"elementor-widget-container\">\n\t\t\t\t\t            <div class=\"intro-icon-box-3 icon-box-item top\"\n                 style=\"text-align:left\">\n                <div class=\"icon-wrap\">\n                                            <div class=\"icon\">\n                            <i aria-hidden=\"true\" class=\"fas fa-map-marker-alt\"><\/i>                        <\/div>\n                                    <\/div>\n                <div class=\"content\">\n                    <a class=\"icon-box-anchor\" ><h3 class=\"title\">Ubicaci\u00f3n<\/h3><\/a><h2 class=\"count-value yes\">Las Calderonas 207 Calle 4 Ceiba, Puerto Rico  00735  <i class=\"icomoon-top-right-arrow\"><\/i><\/h2>                <\/div>\n            <\/div>\n        \t\t\t\t<\/div>\n\t\t\t\t<\/div>\n\t\t\t\t<div class=\"elementor-element elementor-element-87e77c1 top-image-bounce elementor-widget__width-auto elementor-absolute elementor-view-default elementor-widget elementor-widget-icon\" data-id=\"87e77c1\" data-element_type=\"widget\" data-e-type=\"widget\" data-settings=\"{&quot;_position&quot;:&quot;absolute&quot;}\" data-widget_type=\"icon.default\">\n\t\t\t\t<div class=\"elementor-widget-container\">\n\t\t\t\t\t\t\t<div class=\"elementor-icon-wrapper\">\n\t\t\t<div class=\"elementor-icon\">\n\t\t\t<svg xmlns=\"http:\/\/www.w3.org\/2000\/svg\" width=\"43.888\" height=\"43.888\" viewBox=\"0 0 43.888 43.888\"><g data-name=\"Group 4112\" transform=\"translate(12737.236 -182.425)\" opacity=\"0.6\"><circle data-name=\"Ellipse 242\" cx=\"2.481\" cy=\"2.481\" r=\"2.481\" transform=\"translate(-12717.772 202.054)\" fill=\"#ba1111\"><\/circle><path data-name=\"Path 10606\" d=\"M3420.1,1564.089a7.7,7.7,0,1,1,7.7-7.7A7.705,7.705,0,0,1,3420.1,1564.089Zm0-15.108a7.412,7.412,0,1,0,7.412,7.411A7.42,7.42,0,0,0,3420.1,1548.981Z\" transform=\"translate(-16135.391 -1351.857)\" fill=\"#ba1111\"><\/path><path data-name=\"Path 10607\" d=\"M3433.511,1575.29A5.485,5.485,0,1,1,3439,1569.8,5.492,5.492,0,0,1,3433.511,1575.29Zm0-10.686a5.2,5.2,0,1,0,5.2,5.2A5.207,5.207,0,0,0,3433.511,1564.6Z\" transform=\"translate(-16148.803 -1365.269)\" fill=\"#ba1111\"><\/path><g data-name=\"Group 4049\" transform=\"translate(-12728.114 191.994)\"><g data-name=\"Group 4047\"><rect data-name=\"Rectangle 719\" width=\"0.285\" height=\"4.198\" transform=\"translate(4.167)\" fill=\"#484848\"><\/rect><rect data-name=\"Rectangle 720\" width=\"4.31\" height=\"0.285\" transform=\"translate(0 4.055)\" fill=\"#484848\"><\/rect><rect data-name=\"Rectangle 721\" width=\"4.31\" height=\"0.285\" transform=\"translate(21.283 4.055)\" fill=\"#484848\"><\/rect><rect data-name=\"Rectangle 722\" width=\"0.285\" height=\"4.198\" transform=\"translate(21.141)\" fill=\"#484848\"><\/rect><\/g><g data-name=\"Group 4048\" transform=\"translate(0 20.841)\"><rect data-name=\"Rectangle 723\" width=\"0.285\" height=\"4.198\" transform=\"translate(21.141 0.142)\" fill=\"#484848\"><\/rect><rect data-name=\"Rectangle 724\" width=\"4.31\" height=\"0.285\" transform=\"translate(21.283)\" fill=\"#484848\"><\/rect><rect data-name=\"Rectangle 725\" width=\"4.31\" height=\"0.285\" fill=\"#484848\"><\/rect><rect data-name=\"Rectangle 726\" width=\"0.285\" height=\"4.197\" transform=\"translate(4.167 0.142)\" fill=\"#484848\"><\/rect><\/g><\/g><g data-name=\"Group 4050\" transform=\"translate(-12737.236 203.764)\"><path data-name=\"Path 10608\" d=\"M3548.683,1598.838h-10.752a.605.605,0,0,1,0-1.211h10.752a.605.605,0,0,1,0,1.211Z\" transform=\"translate(-3505.4 -1597.627)\" fill=\"#484848\"><\/path><path data-name=\"Path 10609\" d=\"M3323.189,1598.838h-10.867a.605.605,0,0,1,0-1.211h10.867a.605.605,0,1,1,0,1.211Z\" transform=\"translate(-3311.717 -1597.627)\" fill=\"#484848\"><\/path><\/g><g data-name=\"Group 4051\" transform=\"translate(-12715.897 182.425)\"><path data-name=\"Path 10610\" d=\"M3463.116,1684.4a.605.605,0,0,1-.6-.605v-10.752a.6.6,0,1,1,1.21,0V1683.8A.605.605,0,0,1,3463.116,1684.4Z\" transform=\"translate(-3462.511 -1640.515)\" fill=\"#484848\"><\/path><path data-name=\"Path 10611\" d=\"M3463.116,1458.911a.605.605,0,0,1-.6-.606v-10.867a.6.6,0,1,1,1.21,0v10.867A.605.605,0,0,1,3463.116,1458.911Z\" transform=\"translate(-3462.511 -1446.833)\" fill=\"#484848\"><\/path><\/g><\/g><\/svg>\t\t\t<\/div>\n\t\t<\/div>\n\t\t\t\t\t\t<\/div>\n\t\t\t\t<\/div>\n\t\t\t\t\t<\/div>\n\t\t<\/div>\n\t\t\t\t\t<\/div>\n\t\t<\/section>\n\t\t\t\t<section class=\"elementor-section elementor-top-section elementor-element elementor-element-951b86e elementor-section-boxed elementor-section-height-default elementor-section-height-default\" data-id=\"951b86e\" data-element_type=\"section\" data-e-type=\"section\">\n\t\t\t\t\t\t<div class=\"elementor-container elementor-column-gap-default\">\n\t\t\t\t\t<div class=\"elementor-column elementor-col-100 elementor-top-column elementor-element elementor-element-3624e4d\" data-id=\"3624e4d\" data-element_type=\"column\" data-e-type=\"column\">\n\t\t\t<div class=\"elementor-widget-wrap elementor-element-populated\">\n\t\t\t\t\t\t<div class=\"elementor-element elementor-element-335ecdd elementor-widget elementor-widget-heading\" data-id=\"335ecdd\" data-element_type=\"widget\" data-e-type=\"widget\" data-widget_type=\"heading.default\">\n\t\t\t\t<div class=\"elementor-widget-container\">\n\t\t\t\t\t<h2 class=\"elementor-heading-title elementor-size-medium\">Nuestro servicio de atenci\u00f3n al cliente est\u00e1 abierto desde: <span>Lunes a Viernes de 9:00am - 6:00pm<\/span><\/h2>\t\t\t\t<\/div>\n\t\t\t\t<\/div>\n\t\t\t\t\t<\/div>\n\t\t<\/div>\n\t\t\t\t\t<\/div>\n\t\t<\/section>\n\t\t\t\t<section class=\"elementor-section elementor-top-section elementor-element elementor-element-b57ec1c elementor-section-boxed elementor-section-height-default elementor-section-height-default\" data-id=\"b57ec1c\" data-element_type=\"section\" data-e-type=\"section\">\n\t\t\t\t\t\t<div class=\"elementor-container elementor-column-gap-default\">\n\t\t\t\t\t<div class=\"elementor-column elementor-col-100 elementor-top-column elementor-element elementor-element-3ede50c\" data-id=\"3ede50c\" data-element_type=\"column\" data-e-type=\"column\">\n\t\t\t<div class=\"elementor-widget-wrap elementor-element-populated\">\n\t\t\t\t\t\t<div class=\"elementor-element elementor-element-f0d5c62 elementor-widget elementor-widget-shortcode\" data-id=\"f0d5c62\" data-element_type=\"widget\" data-e-type=\"widget\" data-widget_type=\"shortcode.default\">\n\t\t\t\t<div class=\"elementor-widget-container\">\n\t\t\t\t\t\t\t<div class=\"elementor-shortcode\">\n<div class=\"wpcf7 no-js\" id=\"wpcf7-f2159-o1\" lang=\"en-US\" dir=\"ltr\" data-wpcf7-id=\"2159\">\n<div class=\"screen-reader-response\"><p role=\"status\" aria-live=\"polite\" aria-atomic=\"true\"><\/p> <ul><\/ul><\/div>\n<form action=\"\/index.php?rest_route=%2Fwp%2Fv2%2Fpages%2F4816#wpcf7-f2159-o1\" method=\"post\" class=\"wpcf7-form init\" aria-label=\"Contact form\" novalidate=\"novalidate\" data-status=\"init\">\n<fieldset class=\"hidden-fields-container\"><input type=\"hidden\" name=\"_wpcf7\" value=\"2159\" \/><input type=\"hidden\" name=\"_wpcf7_version\" value=\"6.1.5\" \/><input type=\"hidden\" name=\"_wpcf7_locale\" value=\"en_US\" \/><input type=\"hidden\" name=\"_wpcf7_unit_tag\" value=\"wpcf7-f2159-o1\" \/><input type=\"hidden\" name=\"_wpcf7_container_post\" value=\"0\" \/><input type=\"hidden\" name=\"_wpcf7_posted_data_hash\" value=\"\" \/>\n<\/fieldset>\n<div class=\"contact-info-inner\">\n    <div class=\"row\">\n        <div class=\"col-md-6\">\n            <div class=\"single-input-inner style-border\">\n                <input type=\"text\" placeholder=\"Nombre y Apellido*\">\n            <\/div>\n        <\/div>\n        <div class=\"col-md-6\">\n            <div class=\"single-input-inner style-border\">\n                <input type=\"text\" placeholder=\"Email*\">\n            <\/div>\n        <\/div>\n        <div class=\"col-md-6\">\n            <div class=\"single-input-inner style-border\">\n                <input type=\"text\" placeholder=\"Celular*\">\n            <\/div>\n        <\/div>\n        <div class=\"col-md-6\">\n            <div class=\"single-input-inner style-border\">\n                <input type=\"text\" placeholder=\"Asunto\">\n            <\/div>\n        <\/div>\n        <div class=\"col-12\">\n            <div class=\"single-input-inner style-border\">\n                <textarea placeholder=\"Escriba su mensaje aqui...*\"><\/textarea>\n            <\/div>\n        <\/div>\n        <div class=\"col-12\">\n            <div class=\"btn-wrap\">\n                <button class=\"btn-panthar btn-border-base panthar-color-text\">\n                    <span class=\"top_left\"><\/span>\n                    <span class=\"top_right\"><\/span>\n                    ENVIAR\n                    <span class=\"bottom_left\"><\/span>\n                    <span class=\"bottom_right\"><\/span>\n                <\/button>\n            <\/div>\n        <\/div>\n    <\/div>\n<\/div><div class=\"wpcf7-response-output\" aria-hidden=\"true\"><\/div>\n<\/form>\n<\/div>\n<\/div>\n\t\t\t\t\t\t<\/div>\n\t\t\t\t<\/div>\n\t\t\t\t\t<\/div>\n\t\t<\/div>\n\t\t\t\t\t<\/div>\n\t\t<\/section>\n\t\t\t\t<\/div>\n\t\t","protected":false},"excerpt":{"rendered":"<p>Tel\u00e9fono (939) 208-7013 Correo Electr\u00f3nico imarti@dinastysolutionpr.com Ubicaci\u00f3n Las Calderonas 207 Calle 4 Ceiba, Puerto Rico 00735 Nuestro servicio de atenci\u00f3n al cliente est\u00e1 abierto desde: Lunes a Viernes de 9:00am &#8211; 6:00pm<\/p>\n","protected":false},"author":1,"featured_media":0,"parent":0,"menu_order":0,"comment_status":"closed","ping_status":"closed","template":"","meta":{"footnotes":""},"class_list":["post-4816","page","type-page","status-publish","hentry"],"_links":{"self":[{"href":"https:\/\/dinastysolutionpr.com\/index.php?rest_route=\/wp\/v2\/pages\/4816","targetHints":{"allow":["GET"]}}],"collection":[{"href":"https:\/\/dinastysolutionpr.com\/index.php?rest_route=\/wp\/v2\/pages"}],"about":[{"href":"https:\/\/dinastysolutionpr.com\/index.php?rest_route=\/wp\/v2\/types\/page"}],"author":[{"embeddable":true,"href":"https:\/\/dinastysolutionpr.com\/index.php?rest_route=\/wp\/v2\/users\/1"}],"replies":[{"embeddable":true,"href":"https:\/\/dinastysolutionpr.com\/index.php?rest_route=%2Fwp%2Fv2%2Fcomments&post=4816"}],"version-history":[{"count":4,"href":"https:\/\/dinastysolutionpr.com\/index.php?rest_route=\/wp\/v2\/pages\/4816\/revisions"}],"predecessor-version":[{"id":6619,"href":"https:\/\/dinastysolutionpr.com\/index.php?rest_route=\/wp\/v2\/pages\/4816\/revisions\/6619"}],"wp:attachment":[{"href":"https:\/\/dinastysolutionpr.com\/index.php?rest_route=%2Fwp%2Fv2%2Fmedia&parent=4816"}],"curies":[{"name":"wp","href":"https:\/\/api.w.org\/{rel}","templated":true}]}}