{"id":1861,"date":"2022-01-27T07:55:12","date_gmt":"2022-01-27T07:55:12","guid":{"rendered":"https:\/\/themeim.com\/wp\/panthar\/about-us-copy\/"},"modified":"2022-12-18T19:15:16","modified_gmt":"2022-12-18T19:15:16","slug":"service","status":"publish","type":"page","link":"https:\/\/dinastysolutionpr.com\/?page_id=1861","title":{"rendered":"Servicios"},"content":{"rendered":"\t\t<div data-elementor-type=\"wp-page\" data-elementor-id=\"1861\" class=\"elementor elementor-1861\">\n\t\t\t\t\t\t<section class=\"elementor-section elementor-top-section elementor-element elementor-element-88c1f6f elementor-section-boxed elementor-section-height-default elementor-section-height-default\" data-id=\"88c1f6f\" data-element_type=\"section\" data-e-type=\"section\">\n\t\t\t\t\t\t<div class=\"elementor-container elementor-column-gap-default\">\n\t\t\t\t\t<div class=\"elementor-column elementor-col-50 elementor-top-column elementor-element elementor-element-cd51d82\" data-id=\"cd51d82\" data-element_type=\"column\" data-e-type=\"column\">\n\t\t\t<div class=\"elementor-widget-wrap elementor-element-populated\">\n\t\t\t\t\t\t<div class=\"elementor-element elementor-element-05efa88 elementor-widget elementor-widget-panthar-section-title-widget\" data-id=\"05efa88\" data-element_type=\"widget\" data-e-type=\"widget\" data-widget_type=\"panthar-section-title-widget.default\">\n\t\t\t\t<div class=\"elementor-widget-container\">\n\t\t\t\t\t\r\n        <div class=\"theme-heading-title\" style=\"text-align:left\">\r\n                                        <h3 class=\"title\">\r\n                    SERVICIO DE SEGURIDAD INTELIGENTE PARA\nTU SEGURIDAD                <\/h3>\r\n                                                        <\/div>\r\n        \t\t\t\t<\/div>\n\t\t\t\t<\/div>\n\t\t\t\t\t<\/div>\n\t\t<\/div>\n\t\t\t\t<div class=\"elementor-column elementor-col-50 elementor-top-column elementor-element elementor-element-634b355\" data-id=\"634b355\" data-element_type=\"column\" data-e-type=\"column\">\n\t\t\t<div class=\"elementor-widget-wrap elementor-element-populated\">\n\t\t\t\t\t\t<div class=\"elementor-element elementor-element-48e4aa5 elementor-widget elementor-widget-panthar-section-title-widget\" data-id=\"48e4aa5\" data-element_type=\"widget\" data-e-type=\"widget\" data-widget_type=\"panthar-section-title-widget.default\">\n\t\t\t\t<div class=\"elementor-widget-container\">\n\t\t\t\t\t\r\n        <div class=\"theme-heading-title\" style=\"text-align:left\">\r\n                                                <p>Dinasty Security Solution, LLC ha completado con \u00e9xito 13 a\u00f1os en la industria de la seguridad privada. Debido a su profesionalismo, trabajo duro y alto est\u00e1ndar \u00e9tico.<\/p>                    <\/div>\r\n        \t\t\t\t<\/div>\n\t\t\t\t<\/div>\n\t\t\t\t\t<\/div>\n\t\t<\/div>\n\t\t\t\t\t<\/div>\n\t\t<\/section>\n\t\t\t\t<section class=\"elementor-section elementor-top-section elementor-element elementor-element-63eac4f elementor-section-boxed elementor-section-height-default elementor-section-height-default\" data-id=\"63eac4f\" data-element_type=\"section\" data-e-type=\"section\">\n\t\t\t\t\t\t<div class=\"elementor-container elementor-column-gap-default\">\n\t\t\t\t\t<div class=\"elementor-column elementor-col-100 elementor-top-column elementor-element elementor-element-59dee57\" data-id=\"59dee57\" data-element_type=\"column\" data-e-type=\"column\">\n\t\t\t<div class=\"elementor-widget-wrap elementor-element-populated\">\n\t\t\t\t\t\t<div class=\"elementor-element elementor-element-90544e4 elementor-widget elementor-widget-panthar-service-widget\" data-id=\"90544e4\" data-element_type=\"widget\" data-e-type=\"widget\" data-widget_type=\"panthar-service-widget.default\">\n\t\t\t\t<div class=\"elementor-widget-container\">\n\t\t\t\t\t            <div class=\"row\">\n                                    <div class=\"col-lg-4 col-md-6\">\n                        <div class=\"service-single-item-list\">\n                                                        <div class=\"service-single-item\">\n                                <div class=\"thumb\">\n                                    <img decoding=\"async\" src=\"https:\/\/dinastysolutionpr.com\/wp-content\/uploads\/2022\/02\/security-guards-secure-service-370x376.png\" alt=\"\">\n                                <\/div>\n                                <div class=\"details\">\n                                    <h4 class=\"title\"><a href=\"https:\/\/dinastysolutionpr.com\/?service=business-security\">Seguridad Empresarial <\/a><\/h4>\n                                    <a class=\"read-btn\" href=\"https:\/\/dinastysolutionpr.com\/?service=business-security\"><i class=\"fa fa-arrow-right\"><\/i><\/a>\n                                <\/div>\n                            <\/div>\n                        <\/div>\n                    <\/div>\n                                    <div class=\"col-lg-4 col-md-6\">\n                        <div class=\"service-single-item-list\">\n                                                        <div class=\"service-single-item\">\n                                <div class=\"thumb\">\n                                    <img decoding=\"async\" src=\"https:\/\/dinastysolutionpr.com\/wp-content\/uploads\/2022\/02\/guard-woman-with-equipment-370x376.png\" alt=\"\">\n                                <\/div>\n                                <div class=\"details\">\n                                    <h4 class=\"title\"><a href=\"https:\/\/dinastysolutionpr.com\/?service=event-security\">Seguridad en Eventos <\/a><\/h4>\n                                    <a class=\"read-btn\" href=\"https:\/\/dinastysolutionpr.com\/?service=event-security\"><i class=\"fa fa-arrow-right\"><\/i><\/a>\n                                <\/div>\n                            <\/div>\n                        <\/div>\n                    <\/div>\n                                    <div class=\"col-lg-4 col-md-6\">\n                        <div class=\"service-single-item-list\">\n                                                        <div class=\"service-single-item\">\n                                <div class=\"thumb\">\n                                    <img decoding=\"async\" src=\"https:\/\/dinastysolutionpr.com\/wp-content\/uploads\/2022\/02\/cops-black-uniform-body-armor-2-370x376.png\" alt=\"\">\n                                <\/div>\n                                <div class=\"details\">\n                                    <h4 class=\"title\"><a href=\"https:\/\/dinastysolutionpr.com\/?service=bodyguard-security\">Guardaespaldas <\/a><\/h4>\n                                    <a class=\"read-btn\" href=\"https:\/\/dinastysolutionpr.com\/?service=bodyguard-security\"><i class=\"fa fa-arrow-right\"><\/i><\/a>\n                                <\/div>\n                            <\/div>\n                        <\/div>\n                    <\/div>\n                                    <div class=\"col-lg-4 col-md-6\">\n                        <div class=\"service-single-item-list\">\n                                                        <div class=\"service-single-item\">\n                                <div class=\"thumb\">\n                                    <img decoding=\"async\" src=\"https:\/\/dinastysolutionpr.com\/wp-content\/uploads\/2022\/01\/Mask-Group-93-370x376.png\" alt=\"\">\n                                <\/div>\n                                <div class=\"details\">\n                                    <h4 class=\"title\"><a href=\"https:\/\/dinastysolutionpr.com\/?service=cc-tv-installation\">CC TV Installation <\/a><\/h4>\n                                    <a class=\"read-btn\" href=\"https:\/\/dinastysolutionpr.com\/?service=cc-tv-installation\"><i class=\"fa fa-arrow-right\"><\/i><\/a>\n                                <\/div>\n                            <\/div>\n                        <\/div>\n                    <\/div>\n                                <div class=\"col-lg-12\">\n                    <div class=\"blog-pagination text- margin-top-20\">\n                                            <\/div>\n                <\/div>\n            <\/div>\n        \t\t\t\t<\/div>\n\t\t\t\t<\/div>\n\t\t\t\t\t<\/div>\n\t\t<\/div>\n\t\t\t\t\t<\/div>\n\t\t<\/section>\n\t\t\t\t<\/div>\n\t\t","protected":false},"excerpt":{"rendered":"<p>SERVICIO DE SEGURIDAD INTELIGENTE PARA TU SEGURIDAD Dinasty Security Solution, LLC ha completado con \u00e9xito 13 a\u00f1os en la industria de la seguridad privada. Debido a su profesionalismo, trabajo duro y alto est\u00e1ndar \u00e9tico. Seguridad Empresarial Seguridad en Eventos Guardaespaldas CC TV Installation<\/p>\n","protected":false},"author":1,"featured_media":0,"parent":0,"menu_order":0,"comment_status":"closed","ping_status":"closed","template":"","meta":{"footnotes":""},"class_list":["post-1861","page","type-page","status-publish","hentry"],"_links":{"self":[{"href":"https:\/\/dinastysolutionpr.com\/index.php?rest_route=\/wp\/v2\/pages\/1861","targetHints":{"allow":["GET"]}}],"collection":[{"href":"https:\/\/dinastysolutionpr.com\/index.php?rest_route=\/wp\/v2\/pages"}],"about":[{"href":"https:\/\/dinastysolutionpr.com\/index.php?rest_route=\/wp\/v2\/types\/page"}],"author":[{"embeddable":true,"href":"https:\/\/dinastysolutionpr.com\/index.php?rest_route=\/wp\/v2\/users\/1"}],"replies":[{"embeddable":true,"href":"https:\/\/dinastysolutionpr.com\/index.php?rest_route=%2Fwp%2Fv2%2Fcomments&post=1861"}],"version-history":[{"count":5,"href":"https:\/\/dinastysolutionpr.com\/index.php?rest_route=\/wp\/v2\/pages\/1861\/revisions"}],"predecessor-version":[{"id":6628,"href":"https:\/\/dinastysolutionpr.com\/index.php?rest_route=\/wp\/v2\/pages\/1861\/revisions\/6628"}],"wp:attachment":[{"href":"https:\/\/dinastysolutionpr.com\/index.php?rest_route=%2Fwp%2Fv2%2Fmedia&parent=1861"}],"curies":[{"name":"wp","href":"https:\/\/api.w.org\/{rel}","templated":true}]}}